{"id":13,"date":"2025-10-28T14:16:05","date_gmt":"2025-10-28T13:16:05","guid":{"rendered":"https:\/\/fore-community-manager-15.com\/?page_id=13"},"modified":"2025-10-30T16:51:56","modified_gmt":"2025-10-30T15:51:56","slug":"institut","status":"publish","type":"page","link":"https:\/\/fore-community-manager-15.com\/index.php\/institut\/","title":{"rendered":"L&rsquo;institut"},"content":{"rendered":"\n<div class=\"wp-block-group\"><div class=\"wp-block-group__inner-container is-layout-constrained wp-block-group-is-layout-constrained\">\n<div class=\"wp-block-media-text is-stacked-on-mobile is-vertically-aligned-center is-image-fill-element is-style-default\" style=\"grid-template-columns:47% auto\"><figure class=\"wp-block-media-text__media\"><img loading=\"lazy\" decoding=\"async\" width=\"853\" height=\"1280\" src=\"https:\/\/fore-community-manager-15.com\/wp-content\/uploads\/2025\/10\/woman-7175038_1280.jpg\" alt=\"\" class=\"wp-image-202 size-full\" style=\"object-position:50% 50%\" srcset=\"https:\/\/fore-community-manager-15.com\/wp-content\/uploads\/2025\/10\/woman-7175038_1280.jpg 853w, https:\/\/fore-community-manager-15.com\/wp-content\/uploads\/2025\/10\/woman-7175038_1280-200x300.jpg 200w, https:\/\/fore-community-manager-15.com\/wp-content\/uploads\/2025\/10\/woman-7175038_1280-682x1024.jpg 682w, https:\/\/fore-community-manager-15.com\/wp-content\/uploads\/2025\/10\/woman-7175038_1280-768x1152.jpg 768w, https:\/\/fore-community-manager-15.com\/wp-content\/uploads\/2025\/10\/woman-7175038_1280-1x2.jpg 1w\" sizes=\"(max-width: 853px) 100vw, 853px\" \/><\/figure><div class=\"wp-block-media-text__content\">\n<p class=\"has-text-align-left\"><strong>Aur\u00e9lie<\/strong>, fondatrice du <strong>Cocon d\u2019Aur\u00e9<\/strong>, est une <strong>praticienne certifi\u00e9e en massages ayurv\u00e9diques et techniques \u00e9nerg\u00e9tiques<\/strong>. Passionn\u00e9e par le bien-\u00eatre et la reconnexion \u00e0 soi, elle a cr\u00e9\u00e9 \u00e0 <strong>Fort-de-France<\/strong> un espace d\u00e9di\u00e9 \u00e0 la <strong>d\u00e9tente, \u00e0 l\u2019\u00e9quilibre int\u00e9rieur et \u00e0 l\u2019\u00e9nergie positive<\/strong>.<\/p>\n\n\n\n<p>Apr\u00e8s plusieurs ann\u00e9es de formation et de pratique, Aur\u00e9lie a souhait\u00e9 offrir un lieu o\u00f9 chaque visite devient une <strong>parenth\u00e8se bienfaisante<\/strong>, loin du tumulte du quotidien.<br>Son approche est profond\u00e9ment <strong>holistique<\/strong> : elle consid\u00e8re le corps, le c\u0153ur et l\u2019esprit comme un tout \u00e0 harmoniser.<\/p>\n\n\n\n<p>Dans son <strong>studio de bien-\u00eatre en Martinique<\/strong>, elle accueille chaque personne avec <strong>\u00e9coute, bienveillance et respect<\/strong>, pour lui permettre de <strong>retrouver son \u00e9nergie vitale<\/strong> \u00e0 travers des soins sur mesure : <strong>massages ayurv\u00e9diques<\/strong>, <strong>rituels \u00e9nerg\u00e9tiques<\/strong>, <strong>soins du dos avec hammam<\/strong> et <strong>packs d\u00e9tente personnalis\u00e9s<\/strong>.<\/p>\n<\/div><\/div>\n<\/div><\/div>\n\n\n\n<p><\/p>\n","protected":false},"excerpt":{"rendered":"<p>Aur\u00e9lie, fondatrice du Cocon d\u2019Aur\u00e9, est une praticienne certifi\u00e9e en massages ayurv\u00e9diques et techniques \u00e9nerg\u00e9tiques. Passionn\u00e9e par le bien-\u00eatre et la reconnexion \u00e0 soi, elle a cr\u00e9\u00e9 \u00e0 Fort-de-France un espace d\u00e9di\u00e9 \u00e0 la d\u00e9tente, \u00e0 l\u2019\u00e9quilibre int\u00e9rieur et \u00e0 l\u2019\u00e9nergie positive. Apr\u00e8s plusieurs ann\u00e9es de formation et de pratique, Aur\u00e9lie a souhait\u00e9 offrir un [&hellip;]<\/p>\n","protected":false},"author":1,"featured_media":0,"parent":0,"menu_order":0,"comment_status":"closed","ping_status":"closed","template":"","meta":{"saved_in_kubio":true,"footnotes":""},"class_list":["post-13","page","type-page","status-publish","hentry"],"kubio_ai_page_context":{"short_desc":"","purpose":"general"},"yoast_head":"<!-- This site is optimized with the Yoast SEO plugin v27.4 - https:\/\/yoast.com\/product\/yoast-seo-wordpress\/ -->\n<title>L&#039;institut - Le Cocon d&#039;Aure<\/title>\n<meta name=\"robots\" content=\"index, follow, max-snippet:-1, max-image-preview:large, max-video-preview:-1\" \/>\n<link rel=\"canonical\" href=\"https:\/\/fore-community-manager-15.com\/index.php\/institut\/\" \/>\n<meta property=\"og:locale\" content=\"fr_FR\" \/>\n<meta property=\"og:type\" content=\"article\" \/>\n<meta property=\"og:title\" content=\"L&#039;institut - Le Cocon d&#039;Aure\" \/>\n<meta property=\"og:description\" content=\"Aur\u00e9lie, fondatrice du Cocon d\u2019Aur\u00e9, est une praticienne certifi\u00e9e en massages ayurv\u00e9diques et techniques \u00e9nerg\u00e9tiques. Passionn\u00e9e par le bien-\u00eatre et la reconnexion \u00e0 soi, elle a cr\u00e9\u00e9 \u00e0 Fort-de-France un espace d\u00e9di\u00e9 \u00e0 la d\u00e9tente, \u00e0 l\u2019\u00e9quilibre int\u00e9rieur et \u00e0 l\u2019\u00e9nergie positive. Apr\u00e8s plusieurs ann\u00e9es de formation et de pratique, Aur\u00e9lie a souhait\u00e9 offrir un [&hellip;]\" \/>\n<meta property=\"og:url\" content=\"https:\/\/fore-community-manager-15.com\/index.php\/institut\/\" \/>\n<meta property=\"og:site_name\" content=\"Le Cocon d&#039;Aure\" \/>\n<meta property=\"article:modified_time\" content=\"2025-10-30T15:51:56+00:00\" \/>\n<meta property=\"og:image\" content=\"https:\/\/fore-community-manager-15.com\/wp-content\/uploads\/2025\/10\/woman-7175038_1280.jpg\" \/>\n\t<meta property=\"og:image:width\" content=\"853\" \/>\n\t<meta property=\"og:image:height\" content=\"1280\" \/>\n\t<meta property=\"og:image:type\" content=\"image\/jpeg\" \/>\n<meta name=\"twitter:card\" content=\"summary_large_image\" \/>\n<meta name=\"twitter:label1\" content=\"Dur\u00e9e de lecture estim\u00e9e\" \/>\n\t<meta name=\"twitter:data1\" content=\"1 minute\" \/>\n<script type=\"application\/ld+json\" class=\"yoast-schema-graph\">{\"@context\":\"https:\\\/\\\/schema.org\",\"@graph\":[{\"@type\":\"WebPage\",\"@id\":\"https:\\\/\\\/fore-community-manager-15.com\\\/index.php\\\/institut\\\/\",\"url\":\"https:\\\/\\\/fore-community-manager-15.com\\\/index.php\\\/institut\\\/\",\"name\":\"L'institut - Le Cocon d&#039;Aure\",\"isPartOf\":{\"@id\":\"https:\\\/\\\/fore-community-manager-15.com\\\/#website\"},\"primaryImageOfPage\":{\"@id\":\"https:\\\/\\\/fore-community-manager-15.com\\\/index.php\\\/institut\\\/#primaryimage\"},\"image\":{\"@id\":\"https:\\\/\\\/fore-community-manager-15.com\\\/index.php\\\/institut\\\/#primaryimage\"},\"thumbnailUrl\":\"https:\\\/\\\/fore-community-manager-15.com\\\/wp-content\\\/uploads\\\/2025\\\/10\\\/woman-7175038_1280.jpg\",\"datePublished\":\"2025-10-28T13:16:05+00:00\",\"dateModified\":\"2025-10-30T15:51:56+00:00\",\"breadcrumb\":{\"@id\":\"https:\\\/\\\/fore-community-manager-15.com\\\/index.php\\\/institut\\\/#breadcrumb\"},\"inLanguage\":\"fr-FR\",\"potentialAction\":[{\"@type\":\"ReadAction\",\"target\":[\"https:\\\/\\\/fore-community-manager-15.com\\\/index.php\\\/institut\\\/\"]}]},{\"@type\":\"ImageObject\",\"inLanguage\":\"fr-FR\",\"@id\":\"https:\\\/\\\/fore-community-manager-15.com\\\/index.php\\\/institut\\\/#primaryimage\",\"url\":\"https:\\\/\\\/fore-community-manager-15.com\\\/wp-content\\\/uploads\\\/2025\\\/10\\\/woman-7175038_1280.jpg\",\"contentUrl\":\"https:\\\/\\\/fore-community-manager-15.com\\\/wp-content\\\/uploads\\\/2025\\\/10\\\/woman-7175038_1280.jpg\",\"width\":853,\"height\":1280,\"caption\":\"photo d'aurelie\"},{\"@type\":\"BreadcrumbList\",\"@id\":\"https:\\\/\\\/fore-community-manager-15.com\\\/index.php\\\/institut\\\/#breadcrumb\",\"itemListElement\":[{\"@type\":\"ListItem\",\"position\":1,\"name\":\"Accueil\",\"item\":\"https:\\\/\\\/fore-community-manager-15.com\\\/\"},{\"@type\":\"ListItem\",\"position\":2,\"name\":\"L&rsquo;institut\"}]},{\"@type\":\"WebSite\",\"@id\":\"https:\\\/\\\/fore-community-manager-15.com\\\/#website\",\"url\":\"https:\\\/\\\/fore-community-manager-15.com\\\/\",\"name\":\"Le Cocon d&#039;Aure\",\"description\":\"Un studio de bien-\u00eatre\",\"publisher\":{\"@id\":\"https:\\\/\\\/fore-community-manager-15.com\\\/#organization\"},\"potentialAction\":[{\"@type\":\"SearchAction\",\"target\":{\"@type\":\"EntryPoint\",\"urlTemplate\":\"https:\\\/\\\/fore-community-manager-15.com\\\/?s={search_term_string}\"},\"query-input\":{\"@type\":\"PropertyValueSpecification\",\"valueRequired\":true,\"valueName\":\"search_term_string\"}}],\"inLanguage\":\"fr-FR\"},{\"@type\":\"Organization\",\"@id\":\"https:\\\/\\\/fore-community-manager-15.com\\\/#organization\",\"name\":\"Le Cocon d&#039;Aure\",\"url\":\"https:\\\/\\\/fore-community-manager-15.com\\\/\",\"logo\":{\"@type\":\"ImageObject\",\"inLanguage\":\"fr-FR\",\"@id\":\"https:\\\/\\\/fore-community-manager-15.com\\\/#\\\/schema\\\/logo\\\/image\\\/\",\"url\":\"https:\\\/\\\/fore-community-manager-15.com\\\/wp-content\\\/uploads\\\/2025\\\/10\\\/luiguy-site.png\",\"contentUrl\":\"https:\\\/\\\/fore-community-manager-15.com\\\/wp-content\\\/uploads\\\/2025\\\/10\\\/luiguy-site.png\",\"width\":180,\"height\":60,\"caption\":\"Le Cocon d&#039;Aure\"},\"image\":{\"@id\":\"https:\\\/\\\/fore-community-manager-15.com\\\/#\\\/schema\\\/logo\\\/image\\\/\"}}]}<\/script>\n<!-- \/ Yoast SEO plugin. -->","yoast_head_json":{"title":"L'institut - Le Cocon d&#039;Aure","robots":{"index":"index","follow":"follow","max-snippet":"max-snippet:-1","max-image-preview":"max-image-preview:large","max-video-preview":"max-video-preview:-1"},"canonical":"https:\/\/fore-community-manager-15.com\/index.php\/institut\/","og_locale":"fr_FR","og_type":"article","og_title":"L'institut - Le Cocon d&#039;Aure","og_description":"Aur\u00e9lie, fondatrice du Cocon d\u2019Aur\u00e9, est une praticienne certifi\u00e9e en massages ayurv\u00e9diques et techniques \u00e9nerg\u00e9tiques. Passionn\u00e9e par le bien-\u00eatre et la reconnexion \u00e0 soi, elle a cr\u00e9\u00e9 \u00e0 Fort-de-France un espace d\u00e9di\u00e9 \u00e0 la d\u00e9tente, \u00e0 l\u2019\u00e9quilibre int\u00e9rieur et \u00e0 l\u2019\u00e9nergie positive. Apr\u00e8s plusieurs ann\u00e9es de formation et de pratique, Aur\u00e9lie a souhait\u00e9 offrir un [&hellip;]","og_url":"https:\/\/fore-community-manager-15.com\/index.php\/institut\/","og_site_name":"Le Cocon d&#039;Aure","article_modified_time":"2025-10-30T15:51:56+00:00","og_image":[{"width":853,"height":1280,"url":"https:\/\/fore-community-manager-15.com\/wp-content\/uploads\/2025\/10\/woman-7175038_1280.jpg","type":"image\/jpeg"}],"twitter_card":"summary_large_image","twitter_misc":{"Dur\u00e9e de lecture estim\u00e9e":"1 minute"},"schema":{"@context":"https:\/\/schema.org","@graph":[{"@type":"WebPage","@id":"https:\/\/fore-community-manager-15.com\/index.php\/institut\/","url":"https:\/\/fore-community-manager-15.com\/index.php\/institut\/","name":"L'institut - Le Cocon d&#039;Aure","isPartOf":{"@id":"https:\/\/fore-community-manager-15.com\/#website"},"primaryImageOfPage":{"@id":"https:\/\/fore-community-manager-15.com\/index.php\/institut\/#primaryimage"},"image":{"@id":"https:\/\/fore-community-manager-15.com\/index.php\/institut\/#primaryimage"},"thumbnailUrl":"https:\/\/fore-community-manager-15.com\/wp-content\/uploads\/2025\/10\/woman-7175038_1280.jpg","datePublished":"2025-10-28T13:16:05+00:00","dateModified":"2025-10-30T15:51:56+00:00","breadcrumb":{"@id":"https:\/\/fore-community-manager-15.com\/index.php\/institut\/#breadcrumb"},"inLanguage":"fr-FR","potentialAction":[{"@type":"ReadAction","target":["https:\/\/fore-community-manager-15.com\/index.php\/institut\/"]}]},{"@type":"ImageObject","inLanguage":"fr-FR","@id":"https:\/\/fore-community-manager-15.com\/index.php\/institut\/#primaryimage","url":"https:\/\/fore-community-manager-15.com\/wp-content\/uploads\/2025\/10\/woman-7175038_1280.jpg","contentUrl":"https:\/\/fore-community-manager-15.com\/wp-content\/uploads\/2025\/10\/woman-7175038_1280.jpg","width":853,"height":1280,"caption":"photo d'aurelie"},{"@type":"BreadcrumbList","@id":"https:\/\/fore-community-manager-15.com\/index.php\/institut\/#breadcrumb","itemListElement":[{"@type":"ListItem","position":1,"name":"Accueil","item":"https:\/\/fore-community-manager-15.com\/"},{"@type":"ListItem","position":2,"name":"L&rsquo;institut"}]},{"@type":"WebSite","@id":"https:\/\/fore-community-manager-15.com\/#website","url":"https:\/\/fore-community-manager-15.com\/","name":"Le Cocon d&#039;Aure","description":"Un studio de bien-\u00eatre","publisher":{"@id":"https:\/\/fore-community-manager-15.com\/#organization"},"potentialAction":[{"@type":"SearchAction","target":{"@type":"EntryPoint","urlTemplate":"https:\/\/fore-community-manager-15.com\/?s={search_term_string}"},"query-input":{"@type":"PropertyValueSpecification","valueRequired":true,"valueName":"search_term_string"}}],"inLanguage":"fr-FR"},{"@type":"Organization","@id":"https:\/\/fore-community-manager-15.com\/#organization","name":"Le Cocon d&#039;Aure","url":"https:\/\/fore-community-manager-15.com\/","logo":{"@type":"ImageObject","inLanguage":"fr-FR","@id":"https:\/\/fore-community-manager-15.com\/#\/schema\/logo\/image\/","url":"https:\/\/fore-community-manager-15.com\/wp-content\/uploads\/2025\/10\/luiguy-site.png","contentUrl":"https:\/\/fore-community-manager-15.com\/wp-content\/uploads\/2025\/10\/luiguy-site.png","width":180,"height":60,"caption":"Le Cocon d&#039;Aure"},"image":{"@id":"https:\/\/fore-community-manager-15.com\/#\/schema\/logo\/image\/"}}]}},"_links":{"self":[{"href":"https:\/\/fore-community-manager-15.com\/index.php\/wp-json\/wp\/v2\/pages\/13","targetHints":{"allow":["GET"]}}],"collection":[{"href":"https:\/\/fore-community-manager-15.com\/index.php\/wp-json\/wp\/v2\/pages"}],"about":[{"href":"https:\/\/fore-community-manager-15.com\/index.php\/wp-json\/wp\/v2\/types\/page"}],"author":[{"embeddable":true,"href":"https:\/\/fore-community-manager-15.com\/index.php\/wp-json\/wp\/v2\/users\/1"}],"replies":[{"embeddable":true,"href":"https:\/\/fore-community-manager-15.com\/index.php\/wp-json\/wp\/v2\/comments?post=13"}],"version-history":[{"count":12,"href":"https:\/\/fore-community-manager-15.com\/index.php\/wp-json\/wp\/v2\/pages\/13\/revisions"}],"predecessor-version":[{"id":343,"href":"https:\/\/fore-community-manager-15.com\/index.php\/wp-json\/wp\/v2\/pages\/13\/revisions\/343"}],"wp:attachment":[{"href":"https:\/\/fore-community-manager-15.com\/index.php\/wp-json\/wp\/v2\/media?parent=13"}],"curies":[{"name":"wp","href":"https:\/\/api.w.org\/{rel}","templated":true}]}}